{"id":1185,"date":"2024-09-10T19:13:50","date_gmt":"2024-09-10T19:13:50","guid":{"rendered":"https:\/\/infobric.no\/equipment-assets\/?page_id=1185"},"modified":"2024-09-10T19:15:24","modified_gmt":"2024-09-10T19:15:24","slug":"bestill-demo","status":"publish","type":"page","link":"https:\/\/infobric.no\/equipment-assets\/no\/plattformer\/workorder\/bestill-demo\/","title":{"rendered":"Bestill demo &#8211; Workorder"},"content":{"rendered":"\t\t<div data-elementor-type=\"wp-page\" data-elementor-id=\"1185\" class=\"elementor elementor-1185\" data-elementor-post-type=\"page\">\n\t\t\t\t<div class=\"elementor-element elementor-element-771c385e e-con-full e-flex e-con e-parent\" data-id=\"771c385e\" data-element_type=\"container\" data-settings=\"{&quot;background_background&quot;:&quot;classic&quot;}\">\n\t\t<div class=\"elementor-element elementor-element-6624345e e-con-full e-flex e-con e-child\" data-id=\"6624345e\" data-element_type=\"container\">\n\t\t<div class=\"elementor-element elementor-element-63d3e0e8 e-con-full e-flex e-con e-child\" data-id=\"63d3e0e8\" data-element_type=\"container\" data-settings=\"{&quot;background_background&quot;:&quot;classic&quot;}\">\n\t\t\t\t<div class=\"elementor-element elementor-element-58f933e6 elementor-widget elementor-widget-heading\" data-id=\"58f933e6\" data-element_type=\"widget\" data-widget_type=\"heading.default\">\n\t\t\t\t<div class=\"elementor-widget-container\">\n\t\t\t<h1 class=\"elementor-heading-title elementor-size-default\">Bestill en demo hos oss!<\/h1>\t\t<\/div>\n\t\t\t\t<\/div>\n\t\t\t\t<div class=\"elementor-element elementor-element-4885251 elementor-widget elementor-widget-text-editor\" data-id=\"4885251\" data-element_type=\"widget\" data-widget_type=\"text-editor.default\">\n\t\t\t\t<div class=\"elementor-widget-container\">\n\t\t\t\t\t\t\t<p>Etter at du har bestilt en demo, vil en av oss ta kontakt med deg s\u00e5 snart som mulig.<\/p>\t\t\t\t\t\t<\/div>\n\t\t\t\t<\/div>\n\t\t\t\t<div class=\"elementor-element elementor-element-4e5b8971 elementor-widget elementor-widget-hello-world\" data-id=\"4e5b8971\" data-element_type=\"widget\" data-widget_type=\"hello-world.default\">\n\t\t\t\t<div class=\"elementor-widget-container\">\n\t\t\t<h2 class=\"upsales-title\"><\/h2><form id=\"form_wo_no_demo\" method=\"post\" class=\"upsales-form\"><input type=\"hidden\" name=\"form-businessarea\" value=\"Workorder\" disabled \/><input type=\"hidden\" name=\"form-category\" value=\"BookDemo\" disabled \/><input type=\"hidden\" name=\"formCid\" value=\"9406\" \/><input type=\"hidden\" name=\"formId\" value=\"9406u849aeb480cc24cd1a49fd94849215a65\" \/><input type=\"hidden\" name=\"recaptcha_response\" id=\"recaptchaResponse-9406u849aeb480cc24cd1a49fd94849215a65\"><label>Navn<input type=\"text\" name=\"Contact.name\" \/><\/label><label>E-post<input type=\"email\" name=\"Contact.email\" \/><\/label><label>Bedrift<input type=\"text\" name=\"Client.name\" \/><\/label><label>Telefonnummer<input type=\"text\" name=\"Contact.phone\" \/><\/label><div><label class=\"switch\"><input required type=\"checkbox\"><span class=\"slider\"><\/span><\/label> Jag godk\u00e4nner <a href=\"https:\/\/infobric.com\/sv\/integritetspolicy\/\" target=\"_blank\">Integritetspolicyn<\/a><\/div><div class=\"fleetlookup-external-recaptcha-text recaptcha-badge-text\">This site is protected by reCAPTCHA and the Google <a href=\"https:\/\/policies.google.com\/privacy\" target=\"_blank\">Privacy Policy<\/a> and <a href=\"https:\/\/policies.google.com\/terms\" target=\"_blank\">Terms of Service<\/a> apply.<\/div><div class='fleetlookup-external-recaptcha-wrapper' id='fleet-recaptcha-inline-badge'><\/div><script>\n\t\tvar valid = false;\n\t\tvar validated = 0;\n\t\tjQuery('.upsales-form').ready(function(e) {\n\t\t\t\n\t\t\tvar recaptchaInterval = setInterval(function() {\n\t\t\tvalidated++;\n\t\t\tvar form = jQuery(this);\n\t\t\tjQuery.ajax({\n\t\t\t\turl: window.location.origin+'\/verify_recaptcha.php', \n\t\t\t\ttype: 'POST',\n\t\t\t\tdata: {\n\t\t\t\t\trecaptcha_response: jQuery('#recaptchaResponse-9406u849aeb480cc24cd1a49fd94849215a65').val()\n\t\t\t\t},\n\t\t\t\tsuccess: function(response) {\n        var response = JSON.parse(response);\n\t\t\t\tconsole.log(response);\n\t\t\t\tif (response.success && response.score > 0.5) {\n\t\t\t\t\tvalid = true;\n\t\t\t\t\tjQuery('.upsales-form').attr('action', 'https:\/\/power.upsales.com\/api\/external\/formSubmit');\n\t\t\t\t}\n\t\t\t\t},\n\t\t\t\terror: function(xhr, status) {\n\t\t\t\tconsole.log(xhr, status);\n\t\t\t\t}\n\t\t\t\t});\n\t\t\t\tif (valid || validated > 20) {\n\t\t\t\t\tconsole.log(validated);\n\t\t\t\t\tclearInterval(recaptchaInterval);\n\t\t\t\t}\n\t\t\t},1500);\n\t\t\t\n\t\t});\n\n\t\tjQuery('.upsales-form').submit(function(e) {\n\t\t\tif (!valid) {\n\t\t\t\te.preventDefault();\n\t\t\t}\n\t\t});\n\t\tfunction onFleetRecaptchaLoadCallback() {\n    var recaptchas = document.getElementsByName('recaptcha_response');\n\t\tvar clientId = grecaptcha.render('fleet-recaptcha-inline-badge', {\n\t\t\t'sitekey': '6Ld5itcZAAAAAFzkP8Tn7RWnfbRYU9LvBmKhBzQj',\n\t\t\t'badge': 'inline',\n\t\t\t'size': 'invisible'\n\t\t});\n\t\n\t\tgrecaptcha.ready(function() {\n    for (i=0; i<recaptchas.length;i++) {\n\t\t\tgrecaptcha.execute(clientId, {\n\t\t\t\t\taction: 'action_name'\n\t\t\t\t})\n\t\t\t\t.then(function(token) {\n\t\t\t\t\t\/\/ Verify the token on the server.\n          var added = false;\n          for (i=0; i<recaptchas.length;i++) {\n            var element = recaptchas[i];\n            if (element.value == '' && !added) {\n\t\t\t\t\t    element.value = token;\n              added = true;\n            }\n          }\n\t\t\t\t});\n    }\n\t\t});\n\t}\n\t\t<\/script><button class=\"upsales-form-submit\" type=\"submit\" style=\"background-color:#E57D3E\" \/><span>Motta tillbud<\/span><\/button><\/form>\t\t<\/div>\n\t\t\t\t<\/div>\n\t\t\t\t<\/div>\n\t\t\t\t<\/div>\n\t\t<div class=\"elementor-element elementor-element-2adeaf1f e-con-full elementor-hidden-mobile e-flex e-con e-child\" data-id=\"2adeaf1f\" data-element_type=\"container\" data-settings=\"{&quot;background_background&quot;:&quot;classic&quot;}\">\n\t\t\t\t<\/div>\n\t\t\t\t<\/div>\n\t\t<div class=\"elementor-element elementor-element-3cfd47a9 e-flex e-con-boxed e-con e-parent\" data-id=\"3cfd47a9\" data-element_type=\"container\" data-settings=\"{&quot;background_background&quot;:&quot;classic&quot;}\">\n\t\t\t\t\t<div class=\"e-con-inner\">\n\t\t\t\t<div class=\"elementor-element elementor-element-61d41bb0 elementor-widget elementor-widget-infobric_read_more\" data-id=\"61d41bb0\" data-element_type=\"widget\" data-widget_type=\"infobric_read_more.default\">\n\t\t\t\t<div class=\"elementor-widget-container\">\n\t\t\t        <div class=\"read-more-widget\">\n            <div class=\"read-more-widget-content\">\n                <h4 class=\"global-headline global-headline-l\">Flere tjenester fra oss.<\/h4>\n                <div class=\"read-more-wrapper\">\n                                            <div class=\"read-more-post-item\">\n                            <img loading=\"lazy\" width=\"758\" height=\"505\" src=\"https:\/\/infobric.no\/equipment-assets\/wp-content\/uploads\/sites\/22\/2025\/10\/4B9A0192-WEBB-1.avif\" class=\"attachment-large size-large\" alt=\"\" loading=\"lazy\" decoding=\"async\" sizes=\"(max-width: 767px) 100vw, 33vw\" srcset=\"https:\/\/infobric.no\/equipment-assets\/wp-content\/uploads\/sites\/22\/2025\/10\/4B9A0192-WEBB-1.avif 758w, https:\/\/infobric.no\/equipment-assets\/wp-content\/uploads\/sites\/22\/2025\/10\/4B9A0192-WEBB-1-300x200.avif 300w, https:\/\/infobric.no\/equipment-assets\/wp-content\/uploads\/sites\/22\/2025\/10\/4B9A0192-WEBB-1-600x400.avif 600w\" \/>                            <div class=\"read-more-post-item-wrapper\">\n                                <div class=\"read-more-post-item-text-wrapper\">\n                                    <h6 class=\"global-headline global-headline-xs\">Infobric Workorder<\/h6>\n                                    <p class=\"global-body-light-m\">Prosjekt- og arbeidsordreh\u00e5ndtering utviklet for byggebransjen. F\u00e5 b\u00e5de oversikt og detaljert innsikt i prosjektene - fra start til slutt. Reduser administrasjonen, f\u00e5 full kontroll over fortjeneste og \u00f8k produktiviteten.<\/p>\n                                <\/div>\n                                <a class=\"ib-button-link ib-button-link-light-bg global-body-button \" href=\"https:\/\/infobric.no\/equipment-assets\/no\/plattformer\/infobric-workorder\/\"  >\n                                    Les mer                                    <svg xmlns=\"http:\/\/www.w3.org\/2000\/svg\" width=\"8\" height=\"11\" viewBox=\"0 0 8 11\" fill=\"none\">\n                                        <path d=\"M2 9.5L6 5.5L2 1.5\" stroke=\"#1D2C38\" stroke-width=\"2.4\" stroke-miterlimit=\"10\" stroke-linecap=\"round\" stroke-linejoin=\"round\"\/>\n                                    <\/svg>\n                                <\/a>\n                            <\/div>\n                        <\/div>\n                                            <div class=\"read-more-post-item\">\n                            <img loading=\"lazy\" width=\"758\" height=\"505\" src=\"https:\/\/infobric.no\/equipment-assets\/wp-content\/uploads\/sites\/22\/2025\/10\/INFOBRIC_B2A2537-WEBB-1.avif\" class=\"attachment-large size-large\" alt=\"\" loading=\"lazy\" decoding=\"async\" sizes=\"(max-width: 767px) 100vw, 33vw\" srcset=\"https:\/\/infobric.no\/equipment-assets\/wp-content\/uploads\/sites\/22\/2025\/10\/INFOBRIC_B2A2537-WEBB-1.avif 758w, https:\/\/infobric.no\/equipment-assets\/wp-content\/uploads\/sites\/22\/2025\/10\/INFOBRIC_B2A2537-WEBB-1-300x200.avif 300w, https:\/\/infobric.no\/equipment-assets\/wp-content\/uploads\/sites\/22\/2025\/10\/INFOBRIC_B2A2537-WEBB-1-600x400.avif 600w\" \/>                            <div class=\"read-more-post-item-wrapper\">\n                                <div class=\"read-more-post-item-text-wrapper\">\n                                    <h6 class=\"global-headline global-headline-xs\">Infobric Onlet<\/h6>\n                                    <p class=\"global-body-light-m\">Bruk v\u00e5rt digitale verkt\u00f8y for \u00e5 effektivisere utleie, lagerh\u00e5ndtering og fakturering. En moderne og smart l\u00f8sning som gj\u00f8r det enkelt \u00e5 holde orden p\u00e5 alle detaljer.<\/p>\n                                <\/div>\n                                <a class=\"ib-button-link ib-button-link-light-bg global-body-button \" href=\"https:\/\/infobric.no\/equipment-assets\/no\/plattformer\/infobric-onlet\/\"  >\n                                    Les mer                                    <svg xmlns=\"http:\/\/www.w3.org\/2000\/svg\" width=\"8\" height=\"11\" viewBox=\"0 0 8 11\" fill=\"none\">\n                                        <path d=\"M2 9.5L6 5.5L2 1.5\" stroke=\"#1D2C38\" stroke-width=\"2.4\" stroke-miterlimit=\"10\" stroke-linecap=\"round\" stroke-linejoin=\"round\"\/>\n                                    <\/svg>\n                                <\/a>\n                            <\/div>\n                        <\/div>\n                                            <div class=\"read-more-post-item\">\n                            <img loading=\"lazy\" width=\"758\" height=\"505\" src=\"https:\/\/infobric.no\/equipment-assets\/wp-content\/uploads\/sites\/22\/2025\/10\/INFOBRIC_B23-WEBB-1.avif\" class=\"attachment-large size-large\" alt=\"\" loading=\"lazy\" decoding=\"async\" sizes=\"(max-width: 767px) 100vw, 33vw\" srcset=\"https:\/\/infobric.no\/equipment-assets\/wp-content\/uploads\/sites\/22\/2025\/10\/INFOBRIC_B23-WEBB-1.avif 758w, https:\/\/infobric.no\/equipment-assets\/wp-content\/uploads\/sites\/22\/2025\/10\/INFOBRIC_B23-WEBB-1-300x200.avif 300w, https:\/\/infobric.no\/equipment-assets\/wp-content\/uploads\/sites\/22\/2025\/10\/INFOBRIC_B23-WEBB-1-600x400.avif 600w\" \/>                            <div class=\"read-more-post-item-wrapper\">\n                                <div class=\"read-more-post-item-text-wrapper\">\n                                    <h6 class=\"global-headline global-headline-xs\">Infobric Fleet<\/h6>\n                                    <p class=\"global-body-light-m\">Automatiserer manuelt arbeid for sj\u00e5f\u00f8rer og kj\u00f8ret\u00f8ysansvarlige, samt innen \u00f8konomi. Med v\u00e5rt komplette kj\u00f8ret\u00f8yregister kan du enkelt h\u00e5ndtere servicesaker, kj\u00f8ret\u00f8ykostnader, elektroniske kj\u00f8rejournaler og mye mer.<\/p>\n                                <\/div>\n                                <a class=\"ib-button-link ib-button-link-light-bg global-body-button \" href=\"https:\/\/infobric.no\/equipment-assets\/no\/plattformer\/infobric-fleet\/\"  >\n                                    Les mer                                    <svg xmlns=\"http:\/\/www.w3.org\/2000\/svg\" width=\"8\" height=\"11\" viewBox=\"0 0 8 11\" fill=\"none\">\n                                        <path d=\"M2 9.5L6 5.5L2 1.5\" stroke=\"#1D2C38\" stroke-width=\"2.4\" stroke-miterlimit=\"10\" stroke-linecap=\"round\" stroke-linejoin=\"round\"\/>\n                                    <\/svg>\n                                <\/a>\n                            <\/div>\n                        <\/div>\n                                    <\/div>\n            <\/div>\n        <\/div>\n        \t\t<\/div>\n\t\t\t\t<\/div>\n\t\t\t\t\t<\/div>\n\t\t\t\t<\/div>\n\t\t\t\t<\/div>\n\t\t","protected":false},"excerpt":{"rendered":"<p>Bestill en demo hos oss! Etter at du har bestilt en demo, vil en av oss ta kontakt med deg s\u00e5 snart som mulig. NavnE-postBedriftTelefonnummer Jag godk\u00e4nner IntegritetspolicynThis site is protected by reCAPTCHA and the Google Privacy Policy and Terms of Service apply.Motta tillbud Flere&#8230;<\/p>\n","protected":false},"author":38,"featured_media":0,"parent":775,"menu_order":0,"comment_status":"closed","ping_status":"closed","template":"","meta":{"_acf_changed":false,"footnotes":""},"acf":[],"yoast_head":"<!-- This site is optimized with the Yoast SEO Premium plugin v22.5 (Yoast SEO v22.5) - https:\/\/yoast.com\/wordpress\/plugins\/seo\/ -->\n<title>Bestill demo - Workorder - Infobric Equipment &amp; Assets<\/title>\n<meta name=\"robots\" content=\"index, follow, max-snippet:-1, max-image-preview:large, max-video-preview:-1\" \/>\n<link rel=\"canonical\" href=\"https:\/\/infobric.no\/equipment-assets\/no\/plattformer\/workorder\/bestill-demo\/\" \/>\n<meta property=\"og:locale\" content=\"nb_NO\" \/>\n<meta property=\"og:type\" content=\"article\" \/>\n<meta property=\"og:title\" content=\"Bestill demo - Workorder\" \/>\n<meta property=\"og:description\" content=\"Bestill en demo hos oss! Etter at du har bestilt en demo, vil en av oss ta kontakt med deg s\u00e5 snart som mulig. NavnE-postBedriftTelefonnummer Jag godk\u00e4nner IntegritetspolicynThis site is protected by reCAPTCHA and the Google Privacy Policy and Terms of Service apply.Motta tillbud Flere...\" \/>\n<meta property=\"og:url\" content=\"https:\/\/infobric.no\/equipment-assets\/no\/plattformer\/workorder\/bestill-demo\/\" \/>\n<meta property=\"og:site_name\" content=\"Equipment &amp; Assets Norge\" \/>\n<meta property=\"article:modified_time\" content=\"2024-09-10T19:15:24+00:00\" \/>\n<meta name=\"twitter:card\" content=\"summary_large_image\" \/>\n<script type=\"application\/ld+json\" class=\"yoast-schema-graph\">{\"@context\":\"https:\/\/schema.org\",\"@graph\":[{\"@type\":\"WebPage\",\"@id\":\"https:\/\/infobric.no\/equipment-assets\/no\/plattformer\/workorder\/bestill-demo\/\",\"url\":\"https:\/\/infobric.no\/equipment-assets\/no\/plattformer\/workorder\/bestill-demo\/\",\"name\":\"Bestill demo - Workorder - Infobric Equipment & Assets\",\"isPartOf\":{\"@id\":\"https:\/\/infobric.no\/equipment-assets\/no\/#website\"},\"datePublished\":\"2024-09-10T19:13:50+00:00\",\"dateModified\":\"2024-09-10T19:15:24+00:00\",\"breadcrumb\":{\"@id\":\"https:\/\/infobric.no\/equipment-assets\/no\/plattformer\/workorder\/bestill-demo\/#breadcrumb\"},\"inLanguage\":\"nb-NO\",\"potentialAction\":[{\"@type\":\"ReadAction\",\"target\":[\"https:\/\/infobric.no\/equipment-assets\/no\/plattformer\/workorder\/bestill-demo\/\"]}]},{\"@type\":\"BreadcrumbList\",\"@id\":\"https:\/\/infobric.no\/equipment-assets\/no\/plattformer\/workorder\/bestill-demo\/#breadcrumb\",\"itemListElement\":[{\"@type\":\"ListItem\",\"position\":1,\"name\":\"Home\",\"item\":\"https:\/\/infobric.no\/equipment-assets\/no\/\"},{\"@type\":\"ListItem\",\"position\":2,\"name\":\"Plattformer\",\"item\":\"https:\/\/infobric.no\/equipment-assets\/no\/plattformer\/\"},{\"@type\":\"ListItem\",\"position\":3,\"name\":\"Infobric Workorder\",\"item\":\"https:\/\/infobric.no\/equipment-assets\/no\/plattformer\/infobric-workorder\/\"},{\"@type\":\"ListItem\",\"position\":4,\"name\":\"Bestill demo - Workorder\"}]},{\"@type\":\"WebSite\",\"@id\":\"https:\/\/infobric.no\/equipment-assets\/no\/#website\",\"url\":\"https:\/\/infobric.no\/equipment-assets\/no\/\",\"name\":\"Equipment &amp; Assets Norge\",\"description\":\"Just another Infobric site\",\"potentialAction\":[{\"@type\":\"SearchAction\",\"target\":{\"@type\":\"EntryPoint\",\"urlTemplate\":\"https:\/\/infobric.no\/equipment-assets\/no\/?s={search_term_string}\"},\"query-input\":\"required name=search_term_string\"}],\"inLanguage\":\"nb-NO\"},{\"@type\":\"ImageObject\",\"inLanguage\":\"nb-NO\",\"@id\":\"https:\/\/infobric.no\/equipment-assets\/no\/plattformer\/workorder\/bestill-demo\/#local-main-organization-logo\",\"url\":\"\",\"contentUrl\":\"\",\"caption\":\"Equipment &amp; Assets Norge\"}]}<\/script>\n<!-- \/ Yoast SEO Premium plugin. -->","yoast_head_json":{"title":"Bestill demo - Workorder - Infobric Equipment & Assets","robots":{"index":"index","follow":"follow","max-snippet":"max-snippet:-1","max-image-preview":"max-image-preview:large","max-video-preview":"max-video-preview:-1"},"canonical":"https:\/\/infobric.no\/equipment-assets\/no\/plattformer\/workorder\/bestill-demo\/","og_locale":"nb_NO","og_type":"article","og_title":"Bestill demo - Workorder","og_description":"Bestill en demo hos oss! Etter at du har bestilt en demo, vil en av oss ta kontakt med deg s\u00e5 snart som mulig. NavnE-postBedriftTelefonnummer Jag godk\u00e4nner IntegritetspolicynThis site is protected by reCAPTCHA and the Google Privacy Policy and Terms of Service apply.Motta tillbud Flere...","og_url":"https:\/\/infobric.no\/equipment-assets\/no\/plattformer\/workorder\/bestill-demo\/","og_site_name":"Equipment &amp; Assets Norge","article_modified_time":"2024-09-10T19:15:24+00:00","twitter_card":"summary_large_image","schema":{"@context":"https:\/\/schema.org","@graph":[{"@type":"WebPage","@id":"https:\/\/infobric.no\/equipment-assets\/no\/plattformer\/workorder\/bestill-demo\/","url":"https:\/\/infobric.no\/equipment-assets\/no\/plattformer\/workorder\/bestill-demo\/","name":"Bestill demo - Workorder - Infobric Equipment & Assets","isPartOf":{"@id":"https:\/\/infobric.no\/equipment-assets\/no\/#website"},"datePublished":"2024-09-10T19:13:50+00:00","dateModified":"2024-09-10T19:15:24+00:00","breadcrumb":{"@id":"https:\/\/infobric.no\/equipment-assets\/no\/plattformer\/workorder\/bestill-demo\/#breadcrumb"},"inLanguage":"nb-NO","potentialAction":[{"@type":"ReadAction","target":["https:\/\/infobric.no\/equipment-assets\/no\/plattformer\/workorder\/bestill-demo\/"]}]},{"@type":"BreadcrumbList","@id":"https:\/\/infobric.no\/equipment-assets\/no\/plattformer\/workorder\/bestill-demo\/#breadcrumb","itemListElement":[{"@type":"ListItem","position":1,"name":"Home","item":"https:\/\/infobric.no\/equipment-assets\/no\/"},{"@type":"ListItem","position":2,"name":"Plattformer","item":"https:\/\/infobric.no\/equipment-assets\/no\/plattformer\/"},{"@type":"ListItem","position":3,"name":"Infobric Workorder","item":"https:\/\/infobric.no\/equipment-assets\/no\/plattformer\/infobric-workorder\/"},{"@type":"ListItem","position":4,"name":"Bestill demo - Workorder"}]},{"@type":"WebSite","@id":"https:\/\/infobric.no\/equipment-assets\/no\/#website","url":"https:\/\/infobric.no\/equipment-assets\/no\/","name":"Equipment &amp; Assets Norge","description":"Just another Infobric site","potentialAction":[{"@type":"SearchAction","target":{"@type":"EntryPoint","urlTemplate":"https:\/\/infobric.no\/equipment-assets\/no\/?s={search_term_string}"},"query-input":"required name=search_term_string"}],"inLanguage":"nb-NO"},{"@type":"ImageObject","inLanguage":"nb-NO","@id":"https:\/\/infobric.no\/equipment-assets\/no\/plattformer\/workorder\/bestill-demo\/#local-main-organization-logo","url":"","contentUrl":"","caption":"Equipment &amp; Assets Norge"}]}},"_links":{"self":[{"href":"https:\/\/infobric.no\/equipment-assets\/no\/wp-json\/wp\/v2\/pages\/1185"}],"collection":[{"href":"https:\/\/infobric.no\/equipment-assets\/no\/wp-json\/wp\/v2\/pages"}],"about":[{"href":"https:\/\/infobric.no\/equipment-assets\/no\/wp-json\/wp\/v2\/types\/page"}],"author":[{"embeddable":true,"href":"https:\/\/infobric.no\/equipment-assets\/no\/wp-json\/wp\/v2\/users\/38"}],"replies":[{"embeddable":true,"href":"https:\/\/infobric.no\/equipment-assets\/no\/wp-json\/wp\/v2\/comments?post=1185"}],"version-history":[{"count":4,"href":"https:\/\/infobric.no\/equipment-assets\/no\/wp-json\/wp\/v2\/pages\/1185\/revisions"}],"predecessor-version":[{"id":1189,"href":"https:\/\/infobric.no\/equipment-assets\/no\/wp-json\/wp\/v2\/pages\/1185\/revisions\/1189"}],"up":[{"embeddable":true,"href":"https:\/\/infobric.no\/equipment-assets\/no\/wp-json\/wp\/v2\/pages\/775"}],"wp:attachment":[{"href":"https:\/\/infobric.no\/equipment-assets\/no\/wp-json\/wp\/v2\/media?parent=1185"}],"curies":[{"name":"wp","href":"https:\/\/api.w.org\/{rel}","templated":true}]}}