{"id":1218,"date":"2024-09-10T20:35:59","date_gmt":"2024-09-10T20:35:59","guid":{"rendered":"https:\/\/infobric.no\/equipment-assets\/?page_id=1218"},"modified":"2024-09-18T09:52:38","modified_gmt":"2024-09-18T09:52:38","slug":"takk","status":"publish","type":"page","link":"https:\/\/infobric.no\/equipment-assets\/no\/wp-rental-utleieguiden\/takk\/","title":{"rendered":"Utleieguiden &#8211; Takk"},"content":{"rendered":"\t\t<div data-elementor-type=\"wp-page\" data-elementor-id=\"1218\" class=\"elementor elementor-1218\" data-elementor-post-type=\"page\">\n\t\t\t\t<div class=\"elementor-element elementor-element-43e6c7f8 e-flex e-con-boxed e-con e-parent\" data-id=\"43e6c7f8\" data-element_type=\"container\" data-settings=\"{&quot;background_background&quot;:&quot;classic&quot;}\">\n\t\t\t\t\t<div class=\"e-con-inner\">\n\t\t\t\t<div class=\"elementor-element elementor-element-4a538610 elementor-widget elementor-widget-infobric-thank-you\" data-id=\"4a538610\" data-element_type=\"widget\" data-widget_type=\"infobric-thank-you.default\">\n\t\t\t\t<div class=\"elementor-widget-container\">\n\t\t\t        <div class=\"ty-block\">\n            <div class=\"ty-content-wrapper\">\n                <div class=\"ty-content\">\n                    <div class=\"ty-text-wrapper\">\n                        <h1 class=\"ty-headline global-headline global-headline-xl\">\n                            Takk! Vi har sendt guiden til din e-postadresse.                        <\/h1>\n                        <p class=\"ty-text global-subheadline global-subheadline-xs\">\n                            Noen ganger kan det ta et minutt f\u00f8r du mottar e-posten. Vennligst vent litt og sjekk s\u00f8ppelpostmappen hvis du ikke ser e-posten i innboksen din.                        <\/p>\n                    <\/div>\n                    <div class=\"ty-buttons-wrapper\">\n                                                    <a class=\"ib-button-tertiary ib-button-tertiary-dark-bg\" href=\"#\">\n                                <div class=\"ib-button-tertiary-wrapper\">\n                                    <div class=\"ib-button-tertiary-btn-text global-body-button\">Bestill en demo<\/div>\n                                    <div class=\"ib-button-tertiary-btn-text-abs global-body-button\">Bestill en demo<\/div>\n                                <\/div>\n                            <\/a>\n                                                <a class=\"ib-button-primary\" href=\"https:\/\/infobric.no\/equipment-assets\">\n                            <div class=\"ib-button-primary-wrapper\">\n                                <div class=\"ib-button-primary-btn-text global-body-button\">Ta meg til startsiden<\/div>\n                                <div class=\"ib-button-primary-btn-text-abs global-body-button\">Ta meg til startsiden<\/div>\n                            <\/div>\n                        <\/a>\n                    <\/div>\n                <\/div>\n            <\/div>\n        <\/div>\n        \t\t<\/div>\n\t\t\t\t<\/div>\n\t\t\t\t\t<\/div>\n\t\t\t\t<\/div>\n\t\t<div class=\"elementor-element elementor-element-9a4f377 e-flex e-con-boxed e-con e-parent\" data-id=\"9a4f377\" data-element_type=\"container\">\n\t\t\t\t\t<div class=\"e-con-inner\">\n\t\t\t\t<div class=\"elementor-element elementor-element-603f03e9 elementor-widget elementor-widget-infobric_read_more\" data-id=\"603f03e9\" data-element_type=\"widget\" data-widget_type=\"infobric_read_more.default\">\n\t\t\t\t<div class=\"elementor-widget-container\">\n\t\t\t        <div class=\"read-more-widget\">\n            <div class=\"read-more-widget-content\">\n                <h4 class=\"global-headline global-headline-l\">Flere l\u00f8sninger fra Infobric.<\/h4>\n                <div class=\"read-more-wrapper\">\n                                            <div class=\"read-more-post-item\">\n                            <img loading=\"lazy\" width=\"758\" height=\"505\" src=\"https:\/\/infobric.no\/equipment-assets\/wp-content\/uploads\/sites\/22\/2025\/10\/INFOBRIC_B23-WEBB-1.avif\" class=\"attachment-large size-large\" alt=\"\" loading=\"lazy\" decoding=\"async\" sizes=\"(max-width: 767px) 100vw, 33vw\" srcset=\"https:\/\/infobric.no\/equipment-assets\/wp-content\/uploads\/sites\/22\/2025\/10\/INFOBRIC_B23-WEBB-1.avif 758w, https:\/\/infobric.no\/equipment-assets\/wp-content\/uploads\/sites\/22\/2025\/10\/INFOBRIC_B23-WEBB-1-300x200.avif 300w, https:\/\/infobric.no\/equipment-assets\/wp-content\/uploads\/sites\/22\/2025\/10\/INFOBRIC_B23-WEBB-1-600x400.avif 600w\" \/>                            <div class=\"read-more-post-item-wrapper\">\n                                <div class=\"read-more-post-item-text-wrapper\">\n                                    <h6 class=\"global-headline global-headline-xs\">Infobric Fleet<\/h6>\n                                    <p class=\"global-body-light-m\">Automatiserer manuelt arbeid for sj\u00e5f\u00f8rer og kj\u00f8ret\u00f8ysansvarlige, samt innen \u00f8konomi. Med v\u00e5rt komplette kj\u00f8ret\u00f8yregister kan du enkelt h\u00e5ndtere servicesaker, kj\u00f8ret\u00f8ykostnader, elektroniske kj\u00f8rejournaler og mye mer.<\/p>\n                                <\/div>\n                                <a class=\"ib-button-link ib-button-link-light-bg global-body-button \" href=\"https:\/\/infobric.no\/equipment-assets\/no\/plattformer\/infobric-fleet\/\"  >\n                                    Les mer                                    <svg xmlns=\"http:\/\/www.w3.org\/2000\/svg\" width=\"8\" height=\"11\" viewBox=\"0 0 8 11\" fill=\"none\">\n                                        <path d=\"M2 9.5L6 5.5L2 1.5\" stroke=\"#1D2C38\" stroke-width=\"2.4\" stroke-miterlimit=\"10\" stroke-linecap=\"round\" stroke-linejoin=\"round\"\/>\n                                    <\/svg>\n                                <\/a>\n                            <\/div>\n                        <\/div>\n                                            <div class=\"read-more-post-item\">\n                            <img loading=\"lazy\" width=\"758\" height=\"505\" src=\"https:\/\/infobric.no\/equipment-assets\/wp-content\/uploads\/sites\/22\/2025\/10\/4B9A3057-WEBB-2.avif\" class=\"attachment-large size-large\" alt=\"\" loading=\"lazy\" decoding=\"async\" sizes=\"(max-width: 767px) 100vw, 33vw\" srcset=\"https:\/\/infobric.no\/equipment-assets\/wp-content\/uploads\/sites\/22\/2025\/10\/4B9A3057-WEBB-2.avif 758w, https:\/\/infobric.no\/equipment-assets\/wp-content\/uploads\/sites\/22\/2025\/10\/4B9A3057-WEBB-2-300x200.avif 300w, https:\/\/infobric.no\/equipment-assets\/wp-content\/uploads\/sites\/22\/2025\/10\/4B9A3057-WEBB-2-600x400.avif 600w\" \/>                            <div class=\"read-more-post-item-wrapper\">\n                                <div class=\"read-more-post-item-text-wrapper\">\n                                    <h6 class=\"global-headline global-headline-xs\">Infobric Equipment<\/h6>\n                                    <p class=\"global-body-light-m\">En total l\u00f8sning for full kontroll p\u00e5 utstyr. Samle all data om maskinene dine, verkt\u00f8yene og annet utstyr i v\u00e5r digitale plattform for bedre kontroll, oversikt og effektivitet i ressursstyringen....<\/p>\n                                <\/div>\n                                <a class=\"ib-button-link ib-button-link-light-bg global-body-button \" href=\"https:\/\/infobric.no\/equipment-assets\/no\/plattformer\/infobric-equipment\/\"  >\n                                    Les mer                                    <svg xmlns=\"http:\/\/www.w3.org\/2000\/svg\" width=\"8\" height=\"11\" viewBox=\"0 0 8 11\" fill=\"none\">\n                                        <path d=\"M2 9.5L6 5.5L2 1.5\" stroke=\"#1D2C38\" stroke-width=\"2.4\" stroke-miterlimit=\"10\" stroke-linecap=\"round\" stroke-linejoin=\"round\"\/>\n                                    <\/svg>\n                                <\/a>\n                            <\/div>\n                        <\/div>\n                                            <div class=\"read-more-post-item\">\n                            <img loading=\"lazy\" width=\"758\" height=\"505\" src=\"https:\/\/infobric.no\/equipment-assets\/wp-content\/uploads\/sites\/22\/2025\/10\/INFOBRIC_B2A2537-WEBB-1.avif\" class=\"attachment-large size-large\" alt=\"\" loading=\"lazy\" decoding=\"async\" sizes=\"(max-width: 767px) 100vw, 33vw\" srcset=\"https:\/\/infobric.no\/equipment-assets\/wp-content\/uploads\/sites\/22\/2025\/10\/INFOBRIC_B2A2537-WEBB-1.avif 758w, https:\/\/infobric.no\/equipment-assets\/wp-content\/uploads\/sites\/22\/2025\/10\/INFOBRIC_B2A2537-WEBB-1-300x200.avif 300w, https:\/\/infobric.no\/equipment-assets\/wp-content\/uploads\/sites\/22\/2025\/10\/INFOBRIC_B2A2537-WEBB-1-600x400.avif 600w\" \/>                            <div class=\"read-more-post-item-wrapper\">\n                                <div class=\"read-more-post-item-text-wrapper\">\n                                    <h6 class=\"global-headline global-headline-xs\">Infobric Onlet<\/h6>\n                                    <p class=\"global-body-light-m\">Bruk v\u00e5rt digitale verkt\u00f8y for \u00e5 effektivisere utleie, lagerh\u00e5ndtering og fakturering. En moderne og smart l\u00f8sning som gj\u00f8r det enkelt \u00e5 holde orden p\u00e5 alle detaljer.<\/p>\n                                <\/div>\n                                <a class=\"ib-button-link ib-button-link-light-bg global-body-button \" href=\"https:\/\/infobric.no\/equipment-assets\/no\/plattformer\/infobric-onlet\/\"  >\n                                    Les mer                                    <svg xmlns=\"http:\/\/www.w3.org\/2000\/svg\" width=\"8\" height=\"11\" viewBox=\"0 0 8 11\" fill=\"none\">\n                                        <path d=\"M2 9.5L6 5.5L2 1.5\" stroke=\"#1D2C38\" stroke-width=\"2.4\" stroke-miterlimit=\"10\" stroke-linecap=\"round\" stroke-linejoin=\"round\"\/>\n                                    <\/svg>\n                                <\/a>\n                            <\/div>\n                        <\/div>\n                                    <\/div>\n            <\/div>\n        <\/div>\n        \t\t<\/div>\n\t\t\t\t<\/div>\n\t\t\t\t\t<\/div>\n\t\t\t\t<\/div>\n\t\t\t\t<\/div>\n\t\t","protected":false},"excerpt":{"rendered":"<p>Takk! Vi har sendt guiden til din e-postadresse. Noen ganger kan det ta et minutt f\u00f8r du mottar e-posten. Vennligst vent litt og sjekk s\u00f8ppelpostmappen hvis du ikke ser e-posten i innboksen din. Bestill en demo Bestill en demo Ta meg til startsiden Ta meg&#8230;<\/p>\n","protected":false},"author":38,"featured_media":0,"parent":1208,"menu_order":0,"comment_status":"closed","ping_status":"closed","template":"","meta":{"_acf_changed":false,"footnotes":""},"acf":[],"yoast_head":"<!-- This site is optimized with the Yoast SEO Premium plugin v22.5 (Yoast SEO v22.5) - https:\/\/yoast.com\/wordpress\/plugins\/seo\/ -->\n<title>Utleieguiden - Takk - Infobric Equipment &amp; Assets<\/title>\n<meta name=\"robots\" content=\"index, follow, max-snippet:-1, max-image-preview:large, max-video-preview:-1\" \/>\n<link rel=\"canonical\" href=\"https:\/\/infobric.no\/equipment-assets\/no\/wp-rental-utleieguiden\/takk\/\" \/>\n<meta property=\"og:locale\" content=\"nb_NO\" \/>\n<meta property=\"og:type\" content=\"article\" \/>\n<meta property=\"og:title\" content=\"Utleieguiden - Takk\" \/>\n<meta property=\"og:description\" content=\"Takk! Vi har sendt guiden til din e-postadresse. Noen ganger kan det ta et minutt f\u00f8r du mottar e-posten. Vennligst vent litt og sjekk s\u00f8ppelpostmappen hvis du ikke ser e-posten i innboksen din. Bestill en demo Bestill en demo Ta meg til startsiden Ta meg...\" \/>\n<meta property=\"og:url\" content=\"https:\/\/infobric.no\/equipment-assets\/no\/wp-rental-utleieguiden\/takk\/\" \/>\n<meta property=\"og:site_name\" content=\"Equipment &amp; Assets Norge\" \/>\n<meta property=\"article:modified_time\" content=\"2024-09-18T09:52:38+00:00\" \/>\n<meta property=\"og:image\" content=\"https:\/\/infobric.no\/equipment-assets\/wp-content\/uploads\/sites\/22\/2024\/09\/INFOBRIC_B23-WEBB-1.jpg\" \/>\n<meta name=\"twitter:card\" content=\"summary_large_image\" \/>\n<script type=\"application\/ld+json\" class=\"yoast-schema-graph\">{\"@context\":\"https:\/\/schema.org\",\"@graph\":[{\"@type\":\"WebPage\",\"@id\":\"https:\/\/infobric.no\/equipment-assets\/no\/wp-rental-utleieguiden\/takk\/\",\"url\":\"https:\/\/infobric.no\/equipment-assets\/no\/wp-rental-utleieguiden\/takk\/\",\"name\":\"Utleieguiden - Takk - Infobric Equipment & Assets\",\"isPartOf\":{\"@id\":\"https:\/\/infobric.no\/equipment-assets\/no\/#website\"},\"primaryImageOfPage\":{\"@id\":\"https:\/\/infobric.no\/equipment-assets\/no\/wp-rental-utleieguiden\/takk\/#primaryimage\"},\"image\":{\"@id\":\"https:\/\/infobric.no\/equipment-assets\/no\/wp-rental-utleieguiden\/takk\/#primaryimage\"},\"thumbnailUrl\":\"https:\/\/infobric.no\/equipment-assets\/wp-content\/uploads\/sites\/22\/2024\/09\/INFOBRIC_B23-WEBB-1.jpg\",\"datePublished\":\"2024-09-10T20:35:59+00:00\",\"dateModified\":\"2024-09-18T09:52:38+00:00\",\"breadcrumb\":{\"@id\":\"https:\/\/infobric.no\/equipment-assets\/no\/wp-rental-utleieguiden\/takk\/#breadcrumb\"},\"inLanguage\":\"nb-NO\",\"potentialAction\":[{\"@type\":\"ReadAction\",\"target\":[\"https:\/\/infobric.no\/equipment-assets\/no\/wp-rental-utleieguiden\/takk\/\"]}]},{\"@type\":\"ImageObject\",\"inLanguage\":\"nb-NO\",\"@id\":\"https:\/\/infobric.no\/equipment-assets\/no\/wp-rental-utleieguiden\/takk\/#primaryimage\",\"url\":\"https:\/\/infobric.no\/equipment-assets\/wp-content\/uploads\/sites\/22\/2024\/09\/INFOBRIC_B23-WEBB-1.jpg\",\"contentUrl\":\"https:\/\/infobric.no\/equipment-assets\/wp-content\/uploads\/sites\/22\/2024\/09\/INFOBRIC_B23-WEBB-1.jpg\"},{\"@type\":\"BreadcrumbList\",\"@id\":\"https:\/\/infobric.no\/equipment-assets\/no\/wp-rental-utleieguiden\/takk\/#breadcrumb\",\"itemListElement\":[{\"@type\":\"ListItem\",\"position\":1,\"name\":\"Home\",\"item\":\"https:\/\/infobric.no\/equipment-assets\/no\/\"},{\"@type\":\"ListItem\",\"position\":2,\"name\":\"Utleieguiden\",\"item\":\"https:\/\/infobric.no\/equipment-assets\/no\/utleieguiden\/\"},{\"@type\":\"ListItem\",\"position\":3,\"name\":\"Utleieguiden - Takk\"}]},{\"@type\":\"WebSite\",\"@id\":\"https:\/\/infobric.no\/equipment-assets\/no\/#website\",\"url\":\"https:\/\/infobric.no\/equipment-assets\/no\/\",\"name\":\"Equipment &amp; Assets Norge\",\"description\":\"Just another Infobric site\",\"potentialAction\":[{\"@type\":\"SearchAction\",\"target\":{\"@type\":\"EntryPoint\",\"urlTemplate\":\"https:\/\/infobric.no\/equipment-assets\/no\/?s={search_term_string}\"},\"query-input\":\"required name=search_term_string\"}],\"inLanguage\":\"nb-NO\"},{\"@type\":\"ImageObject\",\"inLanguage\":\"nb-NO\",\"@id\":\"https:\/\/infobric.no\/equipment-assets\/no\/wp-rental-utleieguiden\/takk\/#local-main-organization-logo\",\"url\":\"\",\"contentUrl\":\"\",\"caption\":\"Equipment &amp; Assets Norge\"}]}<\/script>\n<!-- \/ Yoast SEO Premium plugin. -->","yoast_head_json":{"title":"Utleieguiden - Takk - Infobric Equipment & Assets","robots":{"index":"index","follow":"follow","max-snippet":"max-snippet:-1","max-image-preview":"max-image-preview:large","max-video-preview":"max-video-preview:-1"},"canonical":"https:\/\/infobric.no\/equipment-assets\/no\/wp-rental-utleieguiden\/takk\/","og_locale":"nb_NO","og_type":"article","og_title":"Utleieguiden - Takk","og_description":"Takk! Vi har sendt guiden til din e-postadresse. Noen ganger kan det ta et minutt f\u00f8r du mottar e-posten. Vennligst vent litt og sjekk s\u00f8ppelpostmappen hvis du ikke ser e-posten i innboksen din. Bestill en demo Bestill en demo Ta meg til startsiden Ta meg...","og_url":"https:\/\/infobric.no\/equipment-assets\/no\/wp-rental-utleieguiden\/takk\/","og_site_name":"Equipment &amp; Assets Norge","article_modified_time":"2024-09-18T09:52:38+00:00","og_image":[{"url":"https:\/\/infobric.no\/equipment-assets\/wp-content\/uploads\/sites\/22\/2024\/09\/INFOBRIC_B23-WEBB-1.jpg"}],"twitter_card":"summary_large_image","schema":{"@context":"https:\/\/schema.org","@graph":[{"@type":"WebPage","@id":"https:\/\/infobric.no\/equipment-assets\/no\/wp-rental-utleieguiden\/takk\/","url":"https:\/\/infobric.no\/equipment-assets\/no\/wp-rental-utleieguiden\/takk\/","name":"Utleieguiden - Takk - Infobric Equipment & Assets","isPartOf":{"@id":"https:\/\/infobric.no\/equipment-assets\/no\/#website"},"primaryImageOfPage":{"@id":"https:\/\/infobric.no\/equipment-assets\/no\/wp-rental-utleieguiden\/takk\/#primaryimage"},"image":{"@id":"https:\/\/infobric.no\/equipment-assets\/no\/wp-rental-utleieguiden\/takk\/#primaryimage"},"thumbnailUrl":"https:\/\/infobric.no\/equipment-assets\/wp-content\/uploads\/sites\/22\/2024\/09\/INFOBRIC_B23-WEBB-1.jpg","datePublished":"2024-09-10T20:35:59+00:00","dateModified":"2024-09-18T09:52:38+00:00","breadcrumb":{"@id":"https:\/\/infobric.no\/equipment-assets\/no\/wp-rental-utleieguiden\/takk\/#breadcrumb"},"inLanguage":"nb-NO","potentialAction":[{"@type":"ReadAction","target":["https:\/\/infobric.no\/equipment-assets\/no\/wp-rental-utleieguiden\/takk\/"]}]},{"@type":"ImageObject","inLanguage":"nb-NO","@id":"https:\/\/infobric.no\/equipment-assets\/no\/wp-rental-utleieguiden\/takk\/#primaryimage","url":"https:\/\/infobric.no\/equipment-assets\/wp-content\/uploads\/sites\/22\/2024\/09\/INFOBRIC_B23-WEBB-1.jpg","contentUrl":"https:\/\/infobric.no\/equipment-assets\/wp-content\/uploads\/sites\/22\/2024\/09\/INFOBRIC_B23-WEBB-1.jpg"},{"@type":"BreadcrumbList","@id":"https:\/\/infobric.no\/equipment-assets\/no\/wp-rental-utleieguiden\/takk\/#breadcrumb","itemListElement":[{"@type":"ListItem","position":1,"name":"Home","item":"https:\/\/infobric.no\/equipment-assets\/no\/"},{"@type":"ListItem","position":2,"name":"Utleieguiden","item":"https:\/\/infobric.no\/equipment-assets\/no\/utleieguiden\/"},{"@type":"ListItem","position":3,"name":"Utleieguiden - Takk"}]},{"@type":"WebSite","@id":"https:\/\/infobric.no\/equipment-assets\/no\/#website","url":"https:\/\/infobric.no\/equipment-assets\/no\/","name":"Equipment &amp; Assets Norge","description":"Just another Infobric site","potentialAction":[{"@type":"SearchAction","target":{"@type":"EntryPoint","urlTemplate":"https:\/\/infobric.no\/equipment-assets\/no\/?s={search_term_string}"},"query-input":"required name=search_term_string"}],"inLanguage":"nb-NO"},{"@type":"ImageObject","inLanguage":"nb-NO","@id":"https:\/\/infobric.no\/equipment-assets\/no\/wp-rental-utleieguiden\/takk\/#local-main-organization-logo","url":"","contentUrl":"","caption":"Equipment &amp; Assets Norge"}]}},"_links":{"self":[{"href":"https:\/\/infobric.no\/equipment-assets\/no\/wp-json\/wp\/v2\/pages\/1218"}],"collection":[{"href":"https:\/\/infobric.no\/equipment-assets\/no\/wp-json\/wp\/v2\/pages"}],"about":[{"href":"https:\/\/infobric.no\/equipment-assets\/no\/wp-json\/wp\/v2\/types\/page"}],"author":[{"embeddable":true,"href":"https:\/\/infobric.no\/equipment-assets\/no\/wp-json\/wp\/v2\/users\/38"}],"replies":[{"embeddable":true,"href":"https:\/\/infobric.no\/equipment-assets\/no\/wp-json\/wp\/v2\/comments?post=1218"}],"version-history":[{"count":8,"href":"https:\/\/infobric.no\/equipment-assets\/no\/wp-json\/wp\/v2\/pages\/1218\/revisions"}],"predecessor-version":[{"id":2095,"href":"https:\/\/infobric.no\/equipment-assets\/no\/wp-json\/wp\/v2\/pages\/1218\/revisions\/2095"}],"up":[{"embeddable":true,"href":"https:\/\/infobric.no\/equipment-assets\/no\/wp-json\/wp\/v2\/pages\/1208"}],"wp:attachment":[{"href":"https:\/\/infobric.no\/equipment-assets\/no\/wp-json\/wp\/v2\/media?parent=1218"}],"curies":[{"name":"wp","href":"https:\/\/api.w.org\/{rel}","templated":true}]}}