{"id":463,"date":"2024-09-12T08:01:49","date_gmt":"2024-09-12T08:01:49","guid":{"rendered":"https:\/\/infobric.no\/workforce\/no\/?post_type=product&#038;p=463"},"modified":"2024-09-12T08:01:50","modified_gmt":"2024-09-12T08:01:50","slug":"fjarrkontroll-akerstrom-keyring","status":"publish","type":"product","link":"https:\/\/infobric.no\/workforce\/no\/product\/fjarrkontroll-akerstrom-keyring\/","title":{"rendered":"Fj\u00e4rrkontroll \u00c5kerstr\u00f6m Keyring"},"content":{"rendered":"","protected":false},"excerpt":{"rendered":"","protected":false},"featured_media":0,"template":"","meta":{"_acf_changed":false},"product_cat":[37,32],"product_tag":[],"acf":[],"yoast_head":"<!-- This site is optimized with the Yoast SEO Premium plugin v22.5 (Yoast SEO v22.5) - https:\/\/yoast.com\/wordpress\/plugins\/seo\/ -->\n<title>Fj\u00e4rrkontroll \u00c5kerstr\u00f6m Keyring -Infobric NO<\/title>\n<meta name=\"robots\" content=\"index, follow, max-snippet:-1, max-image-preview:large, max-video-preview:-1\" \/>\n<link rel=\"canonical\" href=\"https:\/\/infobric.no\/workforce\/no\/product\/fjarrkontroll-akerstrom-keyring\/\" \/>\n<meta property=\"og:locale\" content=\"nb_NO\" \/>\n<meta property=\"og:type\" content=\"article\" \/>\n<meta property=\"og:title\" content=\"Fj\u00e4rrkontroll \u00c5kerstr\u00f6m Keyring\" \/>\n<meta property=\"og:url\" content=\"https:\/\/infobric.no\/workforce\/no\/product\/fjarrkontroll-akerstrom-keyring\/\" \/>\n<meta property=\"og:site_name\" content=\"Workforce Norge\" \/>\n<meta property=\"article:modified_time\" content=\"2024-09-12T08:01:50+00:00\" \/>\n<meta name=\"twitter:card\" content=\"summary_large_image\" \/>\n<script type=\"application\/ld+json\" class=\"yoast-schema-graph\">{\"@context\":\"https:\/\/schema.org\",\"@graph\":[{\"@type\":[\"WebPage\",\"ItemPage\"],\"@id\":\"https:\/\/infobric.no\/workforce\/no\/product\/fjarrkontroll-akerstrom-keyring\/\",\"url\":\"https:\/\/infobric.no\/workforce\/no\/product\/fjarrkontroll-akerstrom-keyring\/\",\"name\":\"Fj\u00e4rrkontroll \u00c5kerstr\u00f6m Keyring -Infobric NO\",\"isPartOf\":{\"@id\":\"https:\/\/infobric.no\/workforce\/no\/#website\"},\"datePublished\":\"2024-09-12T08:01:49+00:00\",\"dateModified\":\"2024-09-12T08:01:50+00:00\",\"breadcrumb\":{\"@id\":\"https:\/\/infobric.no\/workforce\/no\/product\/fjarrkontroll-akerstrom-keyring\/#breadcrumb\"},\"inLanguage\":\"nb-NO\",\"potentialAction\":[{\"@type\":\"ReadAction\",\"target\":[\"https:\/\/infobric.no\/workforce\/no\/product\/fjarrkontroll-akerstrom-keyring\/\"]}]},{\"@type\":\"BreadcrumbList\",\"@id\":\"https:\/\/infobric.no\/workforce\/no\/product\/fjarrkontroll-akerstrom-keyring\/#breadcrumb\",\"itemListElement\":[{\"@type\":\"ListItem\",\"position\":1,\"name\":\"Home\",\"item\":\"https:\/\/infobric.no\/workforce\/no\/\"},{\"@type\":\"ListItem\",\"position\":2,\"name\":\"Fj\u00e4rrkontroll \u00c5kerstr\u00f6m Keyring\"}]},{\"@type\":\"WebSite\",\"@id\":\"https:\/\/infobric.no\/workforce\/no\/#website\",\"url\":\"https:\/\/infobric.no\/workforce\/no\/\",\"name\":\"Workforce Norge\",\"description\":\"\",\"potentialAction\":[{\"@type\":\"SearchAction\",\"target\":{\"@type\":\"EntryPoint\",\"urlTemplate\":\"https:\/\/infobric.no\/workforce\/no\/?s={search_term_string}\"},\"query-input\":\"required name=search_term_string\"}],\"inLanguage\":\"nb-NO\"},{\"@type\":\"ImageObject\",\"inLanguage\":\"nb-NO\",\"@id\":\"https:\/\/infobric.no\/workforce\/no\/product\/fjarrkontroll-akerstrom-keyring\/#local-main-organization-logo\",\"url\":\"\",\"contentUrl\":\"\",\"caption\":\"Infobric Workforce\"}]}<\/script>\n<meta property=\"product:price:amount\" content=\"825\" \/>\n<meta property=\"product:price:currency\" content=\"NOK\" \/>\n<meta property=\"og:availability\" content=\"instock\" \/>\n<meta property=\"product:availability\" content=\"instock\" \/>\n<meta property=\"product:retailer_item_id\" content=\"103220\" \/>\n<meta property=\"product:condition\" content=\"new\" \/>\n<!-- \/ Yoast SEO Premium plugin. -->","yoast_head_json":{"title":"Fj\u00e4rrkontroll \u00c5kerstr\u00f6m Keyring -Infobric NO","robots":{"index":"index","follow":"follow","max-snippet":"max-snippet:-1","max-image-preview":"max-image-preview:large","max-video-preview":"max-video-preview:-1"},"canonical":"https:\/\/infobric.no\/workforce\/no\/product\/fjarrkontroll-akerstrom-keyring\/","og_locale":"nb_NO","og_type":"article","og_title":"Fj\u00e4rrkontroll \u00c5kerstr\u00f6m Keyring","og_url":"https:\/\/infobric.no\/workforce\/no\/product\/fjarrkontroll-akerstrom-keyring\/","og_site_name":"Workforce Norge","article_modified_time":"2024-09-12T08:01:50+00:00","twitter_card":"summary_large_image","schema":{"@context":"https:\/\/schema.org","@graph":[{"@type":["WebPage","ItemPage"],"@id":"https:\/\/infobric.no\/workforce\/no\/product\/fjarrkontroll-akerstrom-keyring\/","url":"https:\/\/infobric.no\/workforce\/no\/product\/fjarrkontroll-akerstrom-keyring\/","name":"Fj\u00e4rrkontroll \u00c5kerstr\u00f6m Keyring -Infobric NO","isPartOf":{"@id":"https:\/\/infobric.no\/workforce\/no\/#website"},"datePublished":"2024-09-12T08:01:49+00:00","dateModified":"2024-09-12T08:01:50+00:00","breadcrumb":{"@id":"https:\/\/infobric.no\/workforce\/no\/product\/fjarrkontroll-akerstrom-keyring\/#breadcrumb"},"inLanguage":"nb-NO","potentialAction":[{"@type":"ReadAction","target":["https:\/\/infobric.no\/workforce\/no\/product\/fjarrkontroll-akerstrom-keyring\/"]}]},{"@type":"BreadcrumbList","@id":"https:\/\/infobric.no\/workforce\/no\/product\/fjarrkontroll-akerstrom-keyring\/#breadcrumb","itemListElement":[{"@type":"ListItem","position":1,"name":"Home","item":"https:\/\/infobric.no\/workforce\/no\/"},{"@type":"ListItem","position":2,"name":"Fj\u00e4rrkontroll \u00c5kerstr\u00f6m Keyring"}]},{"@type":"WebSite","@id":"https:\/\/infobric.no\/workforce\/no\/#website","url":"https:\/\/infobric.no\/workforce\/no\/","name":"Workforce Norge","description":"","potentialAction":[{"@type":"SearchAction","target":{"@type":"EntryPoint","urlTemplate":"https:\/\/infobric.no\/workforce\/no\/?s={search_term_string}"},"query-input":"required name=search_term_string"}],"inLanguage":"nb-NO"},{"@type":"ImageObject","inLanguage":"nb-NO","@id":"https:\/\/infobric.no\/workforce\/no\/product\/fjarrkontroll-akerstrom-keyring\/#local-main-organization-logo","url":"","contentUrl":"","caption":"Infobric Workforce"}]},"product_price_amount":"825","product_price_currency":"NOK","og_availability":"instock","product_availability":"instock","product_retailer_item_id":"103220","product_condition":"new"},"_links":{"self":[{"href":"https:\/\/infobric.no\/workforce\/no\/wp-json\/wp\/v2\/product\/463"}],"collection":[{"href":"https:\/\/infobric.no\/workforce\/no\/wp-json\/wp\/v2\/product"}],"about":[{"href":"https:\/\/infobric.no\/workforce\/no\/wp-json\/wp\/v2\/types\/product"}],"version-history":[{"count":1,"href":"https:\/\/infobric.no\/workforce\/no\/wp-json\/wp\/v2\/product\/463\/revisions"}],"predecessor-version":[{"id":3186,"href":"https:\/\/infobric.no\/workforce\/no\/wp-json\/wp\/v2\/product\/463\/revisions\/3186"}],"wp:attachment":[{"href":"https:\/\/infobric.no\/workforce\/no\/wp-json\/wp\/v2\/media?parent=463"}],"wp:term":[{"taxonomy":"product_cat","embeddable":true,"href":"https:\/\/infobric.no\/workforce\/no\/wp-json\/wp\/v2\/product_cat?post=463"},{"taxonomy":"product_tag","embeddable":true,"href":"https:\/\/infobric.no\/workforce\/no\/wp-json\/wp\/v2\/product_tag?post=463"}],"curies":[{"name":"wp","href":"https:\/\/api.w.org\/{rel}","templated":true}]}}